{"id":61,"date":"2026-03-19T11:34:23","date_gmt":"2026-03-19T11:34:23","guid":{"rendered":"https:\/\/sorrynotagency.com\/?page_id=61"},"modified":"2026-03-28T16:43:40","modified_gmt":"2026-03-28T16:43:40","slug":"yakinda-buradayiz","status":"publish","type":"page","link":"https:\/\/sorrynotagency.com\/","title":{"rendered":"Sorry Not Agency"},"content":{"rendered":"\t\t<div data-elementor-type=\"wp-page\" data-elementor-id=\"61\" class=\"elementor elementor-61\">\n\t\t\t\t<div class=\"elementor-element elementor-element-0331121 e-flex e-con-boxed e-con e-parent\" data-id=\"0331121\" data-element_type=\"container\" data-e-type=\"container\">\n\t\t\t\t\t<div class=\"e-con-inner\">\n\t\t\t\t<div class=\"elementor-element elementor-element-0b7ea2a elementor-widget elementor-widget-image\" data-id=\"0b7ea2a\" data-element_type=\"widget\" data-e-type=\"widget\" data-widget_type=\"image.default\">\n\t\t\t\t\t\t\t\t\t\t\t\t\t\t\t<img fetchpriority=\"high\" decoding=\"async\" width=\"1920\" height=\"1080\" src=\"https:\/\/sorrynotagency.com\/wp-content\/uploads\/2026\/03\/Sorry-Not-Agency-X-Atolye-Manti.jpg.jpeg\" class=\"attachment-2048x2048 size-2048x2048 wp-image-101\" alt=\"\" srcset=\"https:\/\/sorrynotagency.com\/wp-content\/uploads\/2026\/03\/Sorry-Not-Agency-X-Atolye-Manti.jpg.jpeg 1920w, https:\/\/sorrynotagency.com\/wp-content\/uploads\/2026\/03\/Sorry-Not-Agency-X-Atolye-Manti.jpg-300x169.jpeg 300w, https:\/\/sorrynotagency.com\/wp-content\/uploads\/2026\/03\/Sorry-Not-Agency-X-Atolye-Manti.jpg-1024x576.jpeg 1024w, https:\/\/sorrynotagency.com\/wp-content\/uploads\/2026\/03\/Sorry-Not-Agency-X-Atolye-Manti.jpg-768x432.jpeg 768w, https:\/\/sorrynotagency.com\/wp-content\/uploads\/2026\/03\/Sorry-Not-Agency-X-Atolye-Manti.jpg-1536x864.jpeg 1536w\" sizes=\"(max-width: 1920px) 100vw, 1920px\" \/>\t\t\t\t\t\t\t\t\t\t\t\t\t\t\t<\/div>\n\t\t\t\t\t<\/div>\n\t\t\t\t<\/div>\n\t\t<div class=\"elementor-element elementor-element-43896c59 e-flex e-con-boxed e-con e-parent\" data-id=\"43896c59\" data-element_type=\"container\" data-e-type=\"container\" data-settings=\"{&quot;background_background&quot;:&quot;classic&quot;}\">\n\t\t\t\t\t<div class=\"e-con-inner\">\n\t\t<div class=\"elementor-element elementor-element-23b2c8f8 e-flex e-con-boxed e-con e-child\" data-id=\"23b2c8f8\" data-element_type=\"container\" data-e-type=\"container\">\n\t\t\t\t\t<div class=\"e-con-inner\">\n\t\t\t\t<div class=\"elementor-element elementor-element-3e90605b animated-slow elementor-invisible elementor-widget elementor-widget-heading\" data-id=\"3e90605b\" data-element_type=\"widget\" data-e-type=\"widget\" data-settings=\"{&quot;_animation&quot;:&quot;slideInUp&quot;}\" data-widget_type=\"heading.default\">\n\t\t\t\t\t<h2 class=\"elementor-heading-title elementor-size-default\">Sorry Not Agency<\/h2>\t\t\t\t<\/div>\n\t\t\t\t<div class=\"elementor-element elementor-element-6b5b3ac0 animated-slow elementor-invisible elementor-widget elementor-widget-heading\" data-id=\"6b5b3ac0\" data-element_type=\"widget\" data-e-type=\"widget\" data-settings=\"{&quot;_animation&quot;:&quot;slideInUp&quot;}\" data-widget_type=\"heading.default\">\n\t\t\t\t\t<h2 class=\"elementor-heading-title elementor-size-default\">Biz Kimiz?<\/h2>\t\t\t\t<\/div>\n\t\t\t\t\t<\/div>\n\t\t\t\t<\/div>\n\t\t<div class=\"elementor-element elementor-element-2cd7b640 e-con-full e-flex e-con e-child\" data-id=\"2cd7b640\" data-element_type=\"container\" data-e-type=\"container\">\n\t\t<div class=\"elementor-element elementor-element-74af315a e-con-full e-flex e-con e-child\" data-id=\"74af315a\" data-element_type=\"container\" data-e-type=\"container\">\n\t\t\t\t<div class=\"elementor-element elementor-element-7b1812b4 elementor-widget elementor-widget-heading\" data-id=\"7b1812b4\" data-element_type=\"widget\" data-e-type=\"widget\" data-widget_type=\"heading.default\">\n\t\t\t\t\t<h3 class=\"elementor-heading-title elementor-size-default\">\u00d6znur<br><br>\n<span style=\", Roboto, Helvetica, Arial, sans-serif;font-size: 14px;font-weight: 400;letter-spacing: normal;text-align: start;text-transform: none\">Digital Marketing Specialist<\/span><\/h3>\t\t\t\t<\/div>\n\t\t\t\t<div class=\"elementor-element elementor-element-3d8988f5 elementor-position-top elementor-widget elementor-widget-image-box\" data-id=\"3d8988f5\" data-element_type=\"widget\" data-e-type=\"widget\" data-widget_type=\"image-box.default\">\n\t\t\t\t\t<div class=\"elementor-image-box-wrapper\"><figure class=\"elementor-image-box-img\"><img decoding=\"async\" width=\"562\" height=\"562\" src=\"https:\/\/sorrynotagency.com\/wp-content\/uploads\/2026\/03\/cats-\u2661\u00b4\uff65\u1d17\uff65\u2661.jpg\" class=\"attachment-2048x2048 size-2048x2048 wp-image-73\" alt=\"\" srcset=\"https:\/\/sorrynotagency.com\/wp-content\/uploads\/2026\/03\/cats-\u2661\u00b4\uff65\u1d17\uff65\u2661.jpg 562w, https:\/\/sorrynotagency.com\/wp-content\/uploads\/2026\/03\/cats-\u2661\u00b4\uff65\u1d17\uff65\u2661-300x300.jpg 300w, https:\/\/sorrynotagency.com\/wp-content\/uploads\/2026\/03\/cats-\u2661\u00b4\uff65\u1d17\uff65\u2661-150x150.jpg 150w\" sizes=\"(max-width: 562px) 100vw, 562px\" \/><\/figure><\/div>\t\t\t\t<\/div>\n\t\t\t\t<\/div>\n\t\t<div class=\"elementor-element elementor-element-6dfea697 e-con-full e-flex e-con e-child\" data-id=\"6dfea697\" data-element_type=\"container\" data-e-type=\"container\">\n\t\t\t\t<div class=\"elementor-element elementor-element-3c375f4d elementor-widget elementor-widget-heading\" data-id=\"3c375f4d\" data-element_type=\"widget\" data-e-type=\"widget\" data-widget_type=\"heading.default\">\n\t\t\t\t\t<h3 class=\"elementor-heading-title elementor-size-default\">\u00c7\u0130MEN<br><br><span style=\", Roboto, Helvetica, Arial, sans-serif;font-size: 14px;font-weight: 400;letter-spacing: normal;text-align: start;text-transform: none\">Google&amp;Meta Ads Specialist<\/span><\/h3>\t\t\t\t<\/div>\n\t\t\t\t<div class=\"elementor-element elementor-element-6ca042cf elementor-position-top elementor-widget elementor-widget-image-box\" data-id=\"6ca042cf\" data-element_type=\"widget\" data-e-type=\"widget\" data-widget_type=\"image-box.default\">\n\t\t\t\t\t<div class=\"elementor-image-box-wrapper\"><figure class=\"elementor-image-box-img\"><img decoding=\"async\" width=\"736\" height=\"736\" src=\"https:\/\/sorrynotagency.com\/wp-content\/uploads\/2026\/03\/indir.webp\" class=\"attachment-large size-large wp-image-71\" alt=\"\" srcset=\"https:\/\/sorrynotagency.com\/wp-content\/uploads\/2026\/03\/indir.webp 736w, https:\/\/sorrynotagency.com\/wp-content\/uploads\/2026\/03\/indir-300x300.webp 300w, https:\/\/sorrynotagency.com\/wp-content\/uploads\/2026\/03\/indir-150x150.webp 150w\" sizes=\"(max-width: 736px) 100vw, 736px\" \/><\/figure><\/div>\t\t\t\t<\/div>\n\t\t\t\t<\/div>\n\t\t<div class=\"elementor-element elementor-element-5dc7ba4b e-con-full e-flex e-con e-child\" data-id=\"5dc7ba4b\" data-element_type=\"container\" data-e-type=\"container\">\n\t\t\t\t<div class=\"elementor-element elementor-element-72bd57bc elementor-widget elementor-widget-heading\" data-id=\"72bd57bc\" data-element_type=\"widget\" data-e-type=\"widget\" data-widget_type=\"heading.default\">\n\t\t\t\t\t<h3 class=\"elementor-heading-title elementor-size-default\">duygu<br><br>\n<div class=\"html-div x14z9mp xat24cr x1lziwak xexx8yu xyri2b x18d9i69 x1c1uobl x9f619 x5lhr3w xjbqb8w x1r0jzty x78zum5 x15mokao x1ga7v0g x16uus16 xbiv7yw x1gslohp x1uhb9sk x1plvlek xryxfnj x1c4vz4f x2lah0s xdt5ytf xqjyukv x1qjc9v5 x1oa3qoh x1nhvcw1\" style=\"flex-grow: 0;align-self: auto;align-items: stretch;row-gap: 4px;position: static;flex-shrink: 0;flex-direction: column;padding-bottom: 0px;margin-top: 4px;overflow: visible;width: 100%;margin-bottom: 0px;padding-top: 0px;, Roboto, Helvetica, Arial, sans-serif;font-size: 14px;font-weight: 400;letter-spacing: normal;text-align: start;text-transform: none;--x-width: 100%\"><span class=\"_ap3a _aaco _aacu _aacx _aad7 _aade\" dir=\"auto\" style=\"line-height: 18px;margin: 0px !important\"><div role=\"button\" style=\"cursor: pointer\">Social Media Manager<\/div><span style=\"font-family: Archivo, sans-serif;font-size: 32px;font-weight: 800;letter-spacing: 1px;text-transform: uppercase;text-align: center\"><\/span><\/span><\/div><\/h3>\t\t\t\t<\/div>\n\t\t\t\t<div class=\"elementor-element elementor-element-7672717c elementor-position-top elementor-widget elementor-widget-image-box\" data-id=\"7672717c\" data-element_type=\"widget\" data-e-type=\"widget\" data-widget_type=\"image-box.default\">\n\t\t\t\t\t<div class=\"elementor-image-box-wrapper\"><figure class=\"elementor-image-box-img\"><img loading=\"lazy\" decoding=\"async\" width=\"735\" height=\"717\" src=\"https:\/\/sorrynotagency.com\/wp-content\/uploads\/2026\/03\/haan_.jpg\" class=\"attachment-full size-full wp-image-72\" alt=\"\" srcset=\"https:\/\/sorrynotagency.com\/wp-content\/uploads\/2026\/03\/haan_.jpg 735w, https:\/\/sorrynotagency.com\/wp-content\/uploads\/2026\/03\/haan_-300x293.jpg 300w\" sizes=\"(max-width: 735px) 100vw, 735px\" \/><\/figure><\/div>\t\t\t\t<\/div>\n\t\t\t\t<\/div>\n\t\t\t\t<\/div>\n\t\t\t\t\t<\/div>\n\t\t\t\t<\/div>\n\t\t\t\t<\/div>\n\t\t","protected":false},"excerpt":{"rendered":"<p>Sorry Not Agency Biz Kimiz? \u00d6znur Digital Marketing Specialist \u00c7\u0130MEN Google&amp;Meta Ads Specialist duygu Social Media Manager<\/p>\n","protected":false},"author":1,"featured_media":80,"parent":0,"menu_order":0,"comment_status":"open","ping_status":"closed","template":"elementor_header_footer","meta":{"site-sidebar-layout":"no-sidebar","site-content-layout":"","ast-site-content-layout":"full-width-container","site-content-style":"default","site-sidebar-style":"default","ast-global-header-display":"","ast-banner-title-visibility":"","ast-main-header-display":"","ast-hfb-above-header-display":"","ast-hfb-below-header-display":"","ast-hfb-mobile-header-display":"","site-post-title":"disabled","ast-breadcrumbs-content":"","ast-featured-img":"disabled","footer-sml-layout":"","ast-disable-related-posts":"","theme-transparent-header-meta":"","adv-header-id-meta":"","stick-header-meta":"","header-above-stick-meta":"","header-main-stick-meta":"","header-below-stick-meta":"","astra-migrate-meta-layouts":"default","ast-page-background-enabled":"default","ast-page-background-meta":{"desktop":{"background-color":"var(--ast-global-color-5)","background-image":"","background-repeat":"repeat","background-position":"center center","background-size":"auto","background-attachment":"scroll","background-type":"","background-media":"","overlay-type":"","overlay-color":"","overlay-opacity":"","overlay-gradient":""},"tablet":{"background-color":"","background-image":"","background-repeat":"repeat","background-position":"center center","background-size":"auto","background-attachment":"scroll","background-type":"","background-media":"","overlay-type":"","overlay-color":"","overlay-opacity":"","overlay-gradient":""},"mobile":{"background-color":"","background-image":"","background-repeat":"repeat","background-position":"center center","background-size":"auto","background-attachment":"scroll","background-type":"","background-media":"","overlay-type":"","overlay-color":"","overlay-opacity":"","overlay-gradient":""}},"ast-content-background-meta":{"desktop":{"background-color":"var(--ast-global-color-4)","background-image":"","background-repeat":"repeat","background-position":"center center","background-size":"auto","background-attachment":"scroll","background-type":"","background-media":"","overlay-type":"","overlay-color":"","overlay-opacity":"","overlay-gradient":""},"tablet":{"background-color":"var(--ast-global-color-4)","background-image":"","background-repeat":"repeat","background-position":"center center","background-size":"auto","background-attachment":"scroll","background-type":"","background-media":"","overlay-type":"","overlay-color":"","overlay-opacity":"","overlay-gradient":""},"mobile":{"background-color":"var(--ast-global-color-4)","background-image":"","background-repeat":"repeat","background-position":"center center","background-size":"auto","background-attachment":"scroll","background-type":"","background-media":"","overlay-type":"","overlay-color":"","overlay-opacity":"","overlay-gradient":""}},"footnotes":""},"class_list":["post-61","page","type-page","status-publish","has-post-thumbnail","hentry"],"_links":{"self":[{"href":"https:\/\/sorrynotagency.com\/index.php\/wp-json\/wp\/v2\/pages\/61","targetHints":{"allow":["GET"]}}],"collection":[{"href":"https:\/\/sorrynotagency.com\/index.php\/wp-json\/wp\/v2\/pages"}],"about":[{"href":"https:\/\/sorrynotagency.com\/index.php\/wp-json\/wp\/v2\/types\/page"}],"author":[{"embeddable":true,"href":"https:\/\/sorrynotagency.com\/index.php\/wp-json\/wp\/v2\/users\/1"}],"replies":[{"embeddable":true,"href":"https:\/\/sorrynotagency.com\/index.php\/wp-json\/wp\/v2\/comments?post=61"}],"version-history":[{"count":23,"href":"https:\/\/sorrynotagency.com\/index.php\/wp-json\/wp\/v2\/pages\/61\/revisions"}],"predecessor-version":[{"id":112,"href":"https:\/\/sorrynotagency.com\/index.php\/wp-json\/wp\/v2\/pages\/61\/revisions\/112"}],"wp:featuredmedia":[{"embeddable":true,"href":"https:\/\/sorrynotagency.com\/index.php\/wp-json\/wp\/v2\/media\/80"}],"wp:attachment":[{"href":"https:\/\/sorrynotagency.com\/index.php\/wp-json\/wp\/v2\/media?parent=61"}],"curies":[{"name":"wp","href":"https:\/\/api.w.org\/{rel}","templated":true}]}}